{"id":13,"date":"2024-10-03T14:25:40","date_gmt":"2024-10-03T14:25:40","guid":{"rendered":"https:\/\/dravacel.hr\/?page_id=13"},"modified":"2024-10-22T11:23:06","modified_gmt":"2024-10-22T11:23:06","slug":"usluge","status":"publish","type":"page","link":"https:\/\/dravacel.hr\/index.php\/usluge\/","title":{"rendered":"Usluge"},"content":{"rendered":"\n<div class=\"wp-block-cover alignfull is-light\" style=\"margin-top:0;margin-bottom:0;padding-top:0;padding-bottom:0;min-height:300px;aspect-ratio:unset;\"><span aria-hidden=\"true\" class=\"wp-block-cover__background has-white-background-color has-background-dim-70 has-background-dim\"><\/span><img loading=\"lazy\" decoding=\"async\" width=\"2560\" height=\"1718\" class=\"wp-block-cover__image-background wp-image-80\" alt=\"\" src=\"https:\/\/dravacel.hr\/wp-content\/uploads\/2024\/10\/pexels-carlos-sedano-273404071-12876612-scaled.jpg\" data-object-fit=\"cover\" srcset=\"https:\/\/dravacel.hr\/wp-content\/uploads\/2024\/10\/pexels-carlos-sedano-273404071-12876612-scaled.jpg 2560w, https:\/\/dravacel.hr\/wp-content\/uploads\/2024\/10\/pexels-carlos-sedano-273404071-12876612-300x201.jpg 300w, https:\/\/dravacel.hr\/wp-content\/uploads\/2024\/10\/pexels-carlos-sedano-273404071-12876612-1024x687.jpg 1024w, https:\/\/dravacel.hr\/wp-content\/uploads\/2024\/10\/pexels-carlos-sedano-273404071-12876612-768x515.jpg 768w, https:\/\/dravacel.hr\/wp-content\/uploads\/2024\/10\/pexels-carlos-sedano-273404071-12876612-1536x1031.jpg 1536w, https:\/\/dravacel.hr\/wp-content\/uploads\/2024\/10\/pexels-carlos-sedano-273404071-12876612-2048x1374.jpg 2048w\" sizes=\"auto, (max-width: 2560px) 100vw, 2560px\" \/><div class=\"wp-block-cover__inner-container has-global-padding is-layout-constrained wp-container-core-cover-is-layout-6e7f18e7 wp-block-cover-is-layout-constrained\">\n<h1 class=\"wp-block-heading has-text-align-center has-text-color\" style=\"color:#ffffff;font-size:clamp(40.387px, 2.524rem + ((1vw - 3.2px) * 3.298), 76px);\"><\/h1>\n<\/div><\/div>\n\n\n\n<div class=\"wp-block-group alignfull has-background has-global-padding is-layout-constrained wp-container-core-group-is-layout-d5e172f7 wp-block-group-is-layout-constrained\" style=\"border-radius:0px;background-color:#e3e3e3;margin-top:0px;margin-bottom:0px;padding-top:60px;padding-right:20px;padding-bottom:60px;padding-left:20px\">\n<div class=\"wp-block-columns alignwide are-vertically-aligned-top is-layout-flex wp-container-core-columns-is-layout-f43db0cb wp-block-columns-is-layout-flex\" style=\"margin-top:0px;margin-bottom:0px;padding-top:0px;padding-right:0px;padding-bottom:0px;padding-left:0px\">\n<div class=\"wp-block-column is-vertically-aligned-top is-layout-flow wp-container-core-column-is-layout-7a0c525c wp-block-column-is-layout-flow\" style=\"padding-top:0px;padding-right:0px;padding-bottom:36px;padding-left:0px\">\n<h6 class=\"wp-block-heading has-text-color\" style=\"color:#000000;margin-top:0;font-size:clamp(14px, 0.875rem + ((1vw - 3.2px) * 0.556), 20px);\">OBRADA DEFORMIRANJEM<\/h6>\n\n\n\n<div class=\"wp-block-group is-vertical is-layout-flex wp-container-core-group-is-layout-fe9cc265 wp-block-group-is-layout-flex\">\n<div class=\"wp-block-group has-global-padding is-content-justification-left is-layout-constrained wp-container-core-group-is-layout-f297224b wp-block-group-is-layout-constrained\" style=\"margin-top:0;margin-bottom:0;padding-top:0;padding-bottom:0;font-size:clamp(14.642px, 0.915rem + ((1vw - 3.2px) * 0.681), 22px);\">\n<p class=\"has-text-color\" style=\"color:#000000;margin-top:40px;margin-bottom:36px;font-size:clamp(16.293px, 1.018rem + ((1vw - 3.2px) * 0.806), 25px);\"><strong>KRU\u017dNO SAVIJANJE LIMOVA<\/strong><\/p>\n\n\n\n<p><em>tip stroja:<\/em> <strong>M2528D Kru\u017ena Savija\u010dica<\/strong><\/p>\n\n\n\n<p style=\"font-size:clamp(14.642px, 0.915rem + ((1vw - 3.2px) * 0.681), 22px);\"><em>proizvodi:<\/em> <strong>konusi, cijevi, segmenti sa zadanim promjerima<\/strong><\/p>\n\n\n\n<p><em>materijali:<\/em> <strong>metalne i \u010deli\u010dne plo\u010de i limovi debljine do 25mm<\/strong><\/p>\n\n\n\n<p><em>maksimalna radna \u0161irina stroja:<\/em> <strong>2500mm<\/strong><\/p>\n\n\n\n<p class=\"has-text-color\" style=\"color:#000000;margin-top:40px;margin-bottom:36px;font-size:clamp(16.293px, 1.018rem + ((1vw - 3.2px) * 0.806), 25px);\"><strong>SAVIJANJE LIMOVA \u017dIGOM<\/strong><\/p>\n\n\n\n<p><em>tip stroja:<\/em> <strong>Variopress 175 Apkant Pre\u0161a<\/strong><\/p>\n\n\n\n<p><em>proizvodi:<\/em> <strong>\u010deli\u010dni profili<\/strong><\/p>\n\n\n\n<p><em>materijali<\/em>: <strong>metalne i \u010deli\u010dne plo\u010de i limovi debljine do 7mm<\/strong><\/p>\n\n\n\n<p style=\"margin-top:0;margin-bottom:0\"><em>maksimalna radna \u0161irina stroja:<\/em> <strong>3000mm<\/strong><\/p>\n<\/div>\n<\/div>\n<\/div>\n\n\n\n<div class=\"wp-block-column is-vertically-aligned-top is-layout-flow wp-block-column-is-layout-flow\" style=\"padding-top:0;padding-bottom:0\">\n<figure class=\"wp-block-image size-full is-resized has-custom-border is-style-rounded wp-duotone-grayscale\"><img loading=\"lazy\" decoding=\"async\" width=\"871\" height=\"400\" src=\"https:\/\/dravacel.hr\/wp-content\/uploads\/2024\/10\/roll-bending-e1728908224126.jpg\" alt=\"\" class=\"wp-image-279\" style=\"border-radius:30px;width:699px\" srcset=\"https:\/\/dravacel.hr\/wp-content\/uploads\/2024\/10\/roll-bending-e1728908224126.jpg 871w, https:\/\/dravacel.hr\/wp-content\/uploads\/2024\/10\/roll-bending-e1728908224126-300x138.jpg 300w, https:\/\/dravacel.hr\/wp-content\/uploads\/2024\/10\/roll-bending-e1728908224126-768x353.jpg 768w\" sizes=\"auto, (max-width: 871px) 100vw, 871px\" \/><\/figure>\n\n\n\n<figure class=\"wp-block-image size-full is-resized has-custom-border is-style-rounded wp-duotone-grayscale\"><img loading=\"lazy\" decoding=\"async\" width=\"871\" height=\"401\" src=\"https:\/\/dravacel.hr\/wp-content\/uploads\/2024\/10\/2022-11-4-principi-savijanje-lima-B-small.jpg\" alt=\"\" class=\"wp-image-276\" style=\"border-radius:30px;width:688px;height:auto\" srcset=\"https:\/\/dravacel.hr\/wp-content\/uploads\/2024\/10\/2022-11-4-principi-savijanje-lima-B-small.jpg 871w, https:\/\/dravacel.hr\/wp-content\/uploads\/2024\/10\/2022-11-4-principi-savijanje-lima-B-small-300x138.jpg 300w, https:\/\/dravacel.hr\/wp-content\/uploads\/2024\/10\/2022-11-4-principi-savijanje-lima-B-small-768x354.jpg 768w\" sizes=\"auto, (max-width: 871px) 100vw, 871px\" \/><\/figure>\n<\/div>\n<\/div>\n<\/div>\n\n\n\n<hr class=\"wp-block-separator alignwide has-text-color has-alpha-channel-opacity has-background is-style-wide\" style=\"margin-top:0;margin-bottom:0;background-color:#000000;color:#000000\"\/>\n\n\n\n<div class=\"wp-block-group alignfull has-background has-global-padding is-layout-constrained wp-container-core-group-is-layout-8c79ba2d wp-block-group-is-layout-constrained\" style=\"border-radius:0px;background-color:#e3e3e3;margin-top:0px;margin-bottom:0px;padding-top:60px;padding-right:20px;padding-bottom:150px;padding-left:20px\">\n<div class=\"wp-block-columns alignwide is-layout-flex wp-container-core-columns-is-layout-f43db0cb wp-block-columns-is-layout-flex\" style=\"margin-top:0px;margin-bottom:0px;padding-top:0px;padding-right:0px;padding-bottom:0px;padding-left:0px\">\n<div class=\"wp-block-column is-vertically-aligned-top is-layout-flow wp-container-core-column-is-layout-abe5317a wp-block-column-is-layout-flow\" style=\"padding-top:0px;padding-right:0px;padding-bottom:40px;padding-left:0px\">\n<h6 class=\"wp-block-heading has-text-color\" style=\"color:#000000;margin-bottom:12px;font-size:clamp(14px, 0.875rem + ((1vw - 3.2px) * 0.556), 20px);\">OBRADA ODVAJANJEM \u010cESTICA<\/h6>\n\n\n\n<div class=\"wp-block-group is-vertical is-layout-flex wp-container-core-group-is-layout-fe9cc265 wp-block-group-is-layout-flex\">\n<div class=\"wp-block-group has-global-padding is-content-justification-left is-layout-constrained wp-container-core-group-is-layout-f297224b wp-block-group-is-layout-constrained\" style=\"margin-top:0;margin-bottom:0;padding-top:0;padding-bottom:0\">\n<h2 class=\"wp-block-heading has-text-color\" style=\"color:#000000;margin-top:40px;margin-bottom:36px;font-size:clamp(16.293px, 1.018rem + ((1vw - 3.2px) * 0.806), 25px);\"><strong>OBRADA LASEROM I PLAZMOM<\/strong><\/h2>\n\n\n\n<p style=\"font-size:clamp(14.642px, 0.915rem + ((1vw - 3.2px) * 0.681), 22px);\"><em>tip stroja:<\/em> <strong>Promotec XDream laser<\/strong><\/p>\n\n\n\n<p style=\"font-size:clamp(14.642px, 0.915rem + ((1vw - 3.2px) * 0.681), 22px);\"><em>proizvodi:<\/em> <strong>vertikalno i kutno rezanje, graviranje, bu\u0161enje slijepih i prolaznih rupa, urezivanje navoja<\/strong><\/p>\n\n\n\n<p style=\"font-size:clamp(14.642px, 0.915rem + ((1vw - 3.2px) * 0.681), 22px);\"><em>materijali:<\/em> <strong>metalne i \u010deli\u010dne plo\u010de i limovi debljine do 20mm<\/strong><\/p>\n\n\n\n<p style=\"font-size:clamp(14.642px, 0.915rem + ((1vw - 3.2px) * 0.681), 22px);\"><em>maksimalne radne dimenzije stroja:<\/em> <strong>2000x4000mm<\/strong><\/p>\n\n\n\n<p class=\"has-text-color\" style=\"color:#000000;margin-top:40px;margin-bottom:36px;font-size:clamp(16.293px, 1.018rem + ((1vw - 3.2px) * 0.806), 25px);\"><strong>GLODANJE <\/strong><\/p>\n\n\n\n<p style=\"font-size:clamp(14.642px, 0.915rem + ((1vw - 3.2px) * 0.681), 22px);\"><em>tip stroja:<\/em> <strong>HAAS VF-5SS CNC glodalica<\/strong><\/p>\n\n\n\n<p style=\"font-size:clamp(14.642px, 0.915rem + ((1vw - 3.2px) * 0.681), 22px);\"><em>proizvodi:<\/em> <strong>glodanje, istokarivanje, bu\u0161enje, narezivanje navoja<\/strong><\/p>\n\n\n\n<p style=\"font-size:clamp(14.642px, 0.915rem + ((1vw - 3.2px) * 0.681), 22px);\"><em>materijali<\/em>: <strong>\u010delik, aluminij, titanij i plastika<\/strong><\/p>\n\n\n\n<p style=\"font-size:clamp(14.642px, 0.915rem + ((1vw - 3.2px) * 0.681), 22px);\">kapacitet: <strong>30+1 alat<\/strong><\/p>\n\n\n\n<p style=\"font-size:clamp(14.642px, 0.915rem + ((1vw - 3.2px) * 0.681), 22px);\"><em>maksimalne radne dimenzije stroja:<\/em> <strong>1270x660x635mm(X,Y,Z)<\/strong><\/p>\n<\/div>\n<\/div>\n<\/div>\n\n\n\n<div class=\"wp-block-column is-layout-flow wp-block-column-is-layout-flow\" style=\"padding-top:0;padding-bottom:0\">\n<div style=\"height:10px\" aria-hidden=\"true\" class=\"wp-block-spacer\"><\/div>\n\n\n\n<figure class=\"wp-block-image aligncenter size-full is-resized has-custom-border is-style-rounded wp-duotone-grayscale\"><img loading=\"lazy\" decoding=\"async\" width=\"871\" height=\"400\" src=\"https:\/\/dravacel.hr\/wp-content\/uploads\/2024\/10\/Laser-cutting-e1728908580899.jpg\" alt=\"\" class=\"wp-image-285\" style=\"border-radius:30px;width:699px;height:auto\" srcset=\"https:\/\/dravacel.hr\/wp-content\/uploads\/2024\/10\/Laser-cutting-e1728908580899.jpg 871w, https:\/\/dravacel.hr\/wp-content\/uploads\/2024\/10\/Laser-cutting-e1728908580899-300x138.jpg 300w, https:\/\/dravacel.hr\/wp-content\/uploads\/2024\/10\/Laser-cutting-e1728908580899-768x353.jpg 768w\" sizes=\"auto, (max-width: 871px) 100vw, 871px\" \/><\/figure>\n\n\n\n<figure class=\"wp-block-image aligncenter size-full is-resized has-custom-border is-style-rounded wp-duotone-grayscale\"><img loading=\"lazy\" decoding=\"async\" width=\"600\" height=\"266\" src=\"https:\/\/dravacel.hr\/wp-content\/uploads\/2024\/10\/metal-machining-e1728908913174.jpg\" alt=\"\" class=\"wp-image-289\" style=\"border-radius:30px;width:699px\" srcset=\"https:\/\/dravacel.hr\/wp-content\/uploads\/2024\/10\/metal-machining-e1728908913174.jpg 600w, https:\/\/dravacel.hr\/wp-content\/uploads\/2024\/10\/metal-machining-e1728908913174-300x133.jpg 300w\" sizes=\"auto, (max-width: 600px) 100vw, 600px\" \/><\/figure>\n<\/div>\n<\/div>\n<\/div>\n\n\n\n<hr class=\"wp-block-separator alignwide has-text-color has-alpha-channel-opacity has-background is-style-wide\" style=\"margin-top:0;margin-bottom:0;background-color:#000000;color:#000000\"\/>\n\n\n\n<div class=\"wp-block-group alignfull has-background has-global-padding is-layout-constrained wp-container-core-group-is-layout-8c79ba2d wp-block-group-is-layout-constrained\" style=\"border-radius:0px;background-color:#e3e3e3;margin-top:0px;margin-bottom:0px;padding-top:60px;padding-right:20px;padding-bottom:150px;padding-left:20px\">\n<div class=\"wp-block-columns alignwide is-layout-flex wp-container-core-columns-is-layout-f43db0cb wp-block-columns-is-layout-flex\" style=\"margin-top:0px;margin-bottom:0px;padding-top:0px;padding-right:0px;padding-bottom:0px;padding-left:0px\">\n<div class=\"wp-block-column is-vertically-aligned-top is-layout-flow wp-container-core-column-is-layout-abe5317a wp-block-column-is-layout-flow\" style=\"padding-top:0px;padding-right:0px;padding-bottom:40px;padding-left:0px\">\n<h6 class=\"wp-block-heading has-text-color\" style=\"color:#000000;margin-bottom:12px;font-size:clamp(14px, 0.875rem + ((1vw - 3.2px) * 0.556), 20px);\">ZAVARIVANJE<\/h6>\n\n\n\n<div class=\"wp-block-group is-vertical is-layout-flex wp-container-core-group-is-layout-fe9cc265 wp-block-group-is-layout-flex\">\n<div class=\"wp-block-group has-global-padding is-content-justification-left is-layout-constrained wp-container-core-group-is-layout-f297224b wp-block-group-is-layout-constrained\" style=\"margin-top:0;margin-bottom:0;padding-top:0;padding-bottom:0\">\n<h2 class=\"wp-block-heading has-text-color\" style=\"color:#000000;margin-top:40px;margin-bottom:36px;font-size:clamp(16.293px, 1.018rem + ((1vw - 3.2px) * 0.806), 25px);\"><strong>PLINSKO ZAVARIVANJE<\/strong><\/h2>\n\n\n\n<p style=\"font-size:clamp(14.642px, 0.915rem + ((1vw - 3.2px) * 0.681), 22px);\"><em>zavarivanje metala i \u010delika(INOX)<\/em><\/p>\n\n\n\n<p class=\"has-text-color\" style=\"color:#000000;margin-top:40px;margin-bottom:36px;font-size:clamp(16.293px, 1.018rem + ((1vw - 3.2px) * 0.806), 25px);\"><strong>ZAVARIVANJE TIG POSTUPKOM <\/strong><\/p>\n\n\n\n<p style=\"font-size:clamp(14.642px, 0.915rem + ((1vw - 3.2px) * 0.681), 22px);\"><em>zavarivanje metala i \u010delika(INOX)<\/em><\/p>\n<\/div>\n<\/div>\n<\/div>\n\n\n\n<div class=\"wp-block-column is-layout-flow wp-block-column-is-layout-flow\" style=\"padding-top:0;padding-bottom:0\">\n<div style=\"height:10px\" aria-hidden=\"true\" class=\"wp-block-spacer\"><\/div>\n\n\n\n<figure class=\"wp-block-image aligncenter size-full is-resized has-custom-border is-style-rounded wp-duotone-grayscale\"><img loading=\"lazy\" decoding=\"async\" width=\"2560\" height=\"1707\" src=\"https:\/\/dravacel.hr\/wp-content\/uploads\/2024\/10\/pexels-emocionaligencia-1474993-scaled.jpg\" alt=\"\" class=\"wp-image-29\" style=\"border-radius:30px;width:699px;height:auto\" srcset=\"https:\/\/dravacel.hr\/wp-content\/uploads\/2024\/10\/pexels-emocionaligencia-1474993-scaled.jpg 2560w, https:\/\/dravacel.hr\/wp-content\/uploads\/2024\/10\/pexels-emocionaligencia-1474993-300x200.jpg 300w, https:\/\/dravacel.hr\/wp-content\/uploads\/2024\/10\/pexels-emocionaligencia-1474993-1024x683.jpg 1024w, https:\/\/dravacel.hr\/wp-content\/uploads\/2024\/10\/pexels-emocionaligencia-1474993-768x512.jpg 768w, https:\/\/dravacel.hr\/wp-content\/uploads\/2024\/10\/pexels-emocionaligencia-1474993-1536x1024.jpg 1536w, https:\/\/dravacel.hr\/wp-content\/uploads\/2024\/10\/pexels-emocionaligencia-1474993-2048x1365.jpg 2048w\" sizes=\"auto, (max-width: 2560px) 100vw, 2560px\" \/><\/figure>\n<\/div>\n<\/div>\n<\/div>\n\n\n\n<div class=\"wp-block-cover alignfull is-light has-custom-color-2-color has-text-color\" style=\"margin-top:0;margin-bottom:0;padding-top:120px;padding-right:20px;padding-bottom:120px;padding-left:20px;min-height:53px;aspect-ratio:unset;\"><span aria-hidden=\"true\" class=\"wp-block-cover__background has-white-background-color has-background-dim\"><\/span><img loading=\"lazy\" decoding=\"async\" width=\"2560\" height=\"1718\" class=\"wp-block-cover__image-background wp-image-80\" alt=\"\" src=\"https:\/\/dravacel.hr\/wp-content\/uploads\/2024\/10\/pexels-carlos-sedano-273404071-12876612-scaled.jpg\" data-object-fit=\"cover\" srcset=\"https:\/\/dravacel.hr\/wp-content\/uploads\/2024\/10\/pexels-carlos-sedano-273404071-12876612-scaled.jpg 2560w, https:\/\/dravacel.hr\/wp-content\/uploads\/2024\/10\/pexels-carlos-sedano-273404071-12876612-300x201.jpg 300w, https:\/\/dravacel.hr\/wp-content\/uploads\/2024\/10\/pexels-carlos-sedano-273404071-12876612-1024x687.jpg 1024w, https:\/\/dravacel.hr\/wp-content\/uploads\/2024\/10\/pexels-carlos-sedano-273404071-12876612-768x515.jpg 768w, https:\/\/dravacel.hr\/wp-content\/uploads\/2024\/10\/pexels-carlos-sedano-273404071-12876612-1536x1031.jpg 1536w, https:\/\/dravacel.hr\/wp-content\/uploads\/2024\/10\/pexels-carlos-sedano-273404071-12876612-2048x1374.jpg 2048w\" sizes=\"auto, (max-width: 2560px) 100vw, 2560px\" \/><div class=\"wp-block-cover__inner-container has-global-padding is-layout-constrained wp-container-core-cover-is-layout-619827bf wp-block-cover-is-layout-constrained\">\n<h2 class=\"wp-block-heading has-text-align-center has-text-color\" style=\"color:#ffffff;font-size:clamp(32.518px, 2.032rem + ((1vw - 3.2px) * 2.359), 58px);font-style:normal;font-weight:400;letter-spacing:-2px;line-height:1.2\">Zatra\u017eite ponudu<\/h2>\n\n\n\n<p class=\"has-text-align-center has-text-color\" style=\"color:#ffffff;margin-bottom:2.5rem;font-size:clamp(14px, 0.875rem + ((1vw - 3.2px) * 0.278), 17px);font-style:normal;font-weight:400;line-height:1.9\">Obratite nam se za sva pitanja i detaljnije informacije<\/p>\n\n\n\n<div class=\"wp-block-buttons is-content-justification-center is-layout-flex wp-container-core-buttons-is-layout-a89b3969 wp-block-buttons-is-layout-flex\">\n<div class=\"wp-block-button has-custom-font-size is-style-fill\" style=\"font-size:clamp(14px, 0.875rem + ((1vw - 3.2px) * 0.556), 20px);line-height:1\"><a class=\"wp-block-button__link has-text-color has-background wp-element-button\" href=\"https:\/\/dravacel.hr\/index.php\/kontakt\/\" style=\"border-width:2px;color:#ffffff;background-color:#000000;padding-top:17px;padding-right:40px;padding-bottom:17px;padding-left:40px\"><strong>Kontaktirajte nas<\/strong><\/a><\/div>\n<\/div>\n<\/div><\/div>\n\n\n\n<p><\/p>\n","protected":false},"excerpt":{"rendered":"<p>OBRADA DEFORMIRANJEM KRU\u017dNO SAVIJANJE LIMOVA tip stroja: M2528D Kru\u017ena Savija\u010dica proizvodi: konusi, cijevi, segmenti sa zadanim promjerima materijali: metalne i \u010deli\u010dne plo\u010de i limovi debljine do 25mm maksimalna radna \u0161irina stroja: 2500mm SAVIJANJE LIMOVA \u017dIGOM tip stroja: Variopress 175 Apkant Pre\u0161a proizvodi: \u010deli\u010dni profili materijali: metalne i \u010deli\u010dne plo\u010de i limovi debljine do 7mm maksimalna [&hellip;]<\/p>\n","protected":false},"author":1,"featured_media":0,"parent":0,"menu_order":0,"comment_status":"closed","ping_status":"closed","template":"","meta":{"footnotes":""},"class_list":["post-13","page","type-page","status-publish","hentry"],"_links":{"self":[{"href":"https:\/\/dravacel.hr\/index.php\/wp-json\/wp\/v2\/pages\/13","targetHints":{"allow":["GET"]}}],"collection":[{"href":"https:\/\/dravacel.hr\/index.php\/wp-json\/wp\/v2\/pages"}],"about":[{"href":"https:\/\/dravacel.hr\/index.php\/wp-json\/wp\/v2\/types\/page"}],"author":[{"embeddable":true,"href":"https:\/\/dravacel.hr\/index.php\/wp-json\/wp\/v2\/users\/1"}],"replies":[{"embeddable":true,"href":"https:\/\/dravacel.hr\/index.php\/wp-json\/wp\/v2\/comments?post=13"}],"version-history":[{"count":61,"href":"https:\/\/dravacel.hr\/index.php\/wp-json\/wp\/v2\/pages\/13\/revisions"}],"predecessor-version":[{"id":391,"href":"https:\/\/dravacel.hr\/index.php\/wp-json\/wp\/v2\/pages\/13\/revisions\/391"}],"wp:attachment":[{"href":"https:\/\/dravacel.hr\/index.php\/wp-json\/wp\/v2\/media?parent=13"}],"curies":[{"name":"wp","href":"https:\/\/api.w.org\/{rel}","templated":true}]}}