{"id":10,"date":"2024-10-03T14:25:15","date_gmt":"2024-10-03T14:25:15","guid":{"rendered":"https:\/\/dravacel.hr\/?page_id=10"},"modified":"2024-10-22T11:35:34","modified_gmt":"2024-10-22T11:35:34","slug":"test","status":"publish","type":"page","link":"https:\/\/dravacel.hr\/","title":{"rendered":"Po\u010detna"},"content":{"rendered":"\n<div class=\"wp-block-cover alignfull is-light has-link-color has-medium-font-size wp-elements-243c1fe9e8936a383b97ab8d8c748ff4 wp-duotone-unset-1\" style=\"border-radius:0px;padding-right:0;padding-left:0;min-height:300px;aspect-ratio:unset;\"><span aria-hidden=\"true\" class=\"wp-block-cover__background has-white-background-color has-background-dim-70 has-background-dim\"><\/span><img loading=\"lazy\" decoding=\"async\" width=\"2560\" height=\"1718\" class=\"wp-block-cover__image-background wp-image-80\" alt=\"\" src=\"https:\/\/dravacel.hr\/wp-content\/uploads\/2024\/10\/pexels-carlos-sedano-273404071-12876612-scaled.jpg\" style=\"object-position:50% 50%\" data-object-fit=\"cover\" data-object-position=\"50% 50%\" srcset=\"https:\/\/dravacel.hr\/wp-content\/uploads\/2024\/10\/pexels-carlos-sedano-273404071-12876612-scaled.jpg 2560w, https:\/\/dravacel.hr\/wp-content\/uploads\/2024\/10\/pexels-carlos-sedano-273404071-12876612-300x201.jpg 300w, https:\/\/dravacel.hr\/wp-content\/uploads\/2024\/10\/pexels-carlos-sedano-273404071-12876612-1024x687.jpg 1024w, https:\/\/dravacel.hr\/wp-content\/uploads\/2024\/10\/pexels-carlos-sedano-273404071-12876612-768x515.jpg 768w, https:\/\/dravacel.hr\/wp-content\/uploads\/2024\/10\/pexels-carlos-sedano-273404071-12876612-1536x1031.jpg 1536w, https:\/\/dravacel.hr\/wp-content\/uploads\/2024\/10\/pexels-carlos-sedano-273404071-12876612-2048x1374.jpg 2048w\" sizes=\"auto, (max-width: 2560px) 100vw, 2560px\" \/><div class=\"wp-block-cover__inner-container has-global-padding is-layout-constrained wp-container-core-cover-is-layout-7db9d80f wp-block-cover-is-layout-constrained\">\n<p><\/p>\n<\/div><\/div>\n\n\n\n<div class=\"wp-block-group alignfull has-background has-global-padding is-layout-constrained wp-container-core-group-is-layout-c472845a wp-block-group-is-layout-constrained\" style=\"border-radius:0px;background-color:#e3e3e3;margin-top:0px;margin-bottom:0px;padding-top:60px;padding-right:20px;padding-bottom:60px;padding-left:20px\">\n<div class=\"wp-block-columns alignwide is-layout-flex wp-container-core-columns-is-layout-f43db0cb wp-block-columns-is-layout-flex\" style=\"margin-top:0px;margin-bottom:0px;padding-top:0px;padding-right:0px;padding-bottom:0px;padding-left:0px\">\n<div class=\"wp-block-column is-vertically-aligned-center is-layout-flow wp-container-core-column-is-layout-abe5317a wp-block-column-is-layout-flow\" style=\"padding-top:0px;padding-right:0px;padding-bottom:40px;padding-left:0px\">\n<h6 class=\"wp-block-heading has-text-color\" style=\"color:#000000;margin-bottom:12px;font-size:clamp(14.642px, 0.915rem + ((1vw - 3.2px) * 0.681), 22px);\">o nama<\/h6>\n\n\n\n<div class=\"wp-block-group is-vertical is-layout-flex wp-container-core-group-is-layout-fe9cc265 wp-block-group-is-layout-flex\">\n<div class=\"wp-block-group has-global-padding is-content-justification-left is-layout-constrained wp-container-core-group-is-layout-f297224b wp-block-group-is-layout-constrained\" style=\"margin-top:0;margin-bottom:0;padding-top:0;padding-bottom:0\">\n<h2 class=\"wp-block-heading has-text-color has-inter-font-family\" style=\"color:#000000;margin-top:0;margin-right:0;margin-bottom:36px;font-size:clamp(16.293px, 1.018rem + ((1vw - 3.2px) * 0.806), 25px);font-style:normal;font-weight:400\"><strong><em>Dobrodo\u0161li na stranicu na\u0161e tvrtke, specijalizirane za strojnu obradu metala.<\/em><\/strong><\/h2>\n\n\n\n<p class=\"has-text-color\" style=\"color:#000000;margin-bottom:0.5rem;font-size:clamp(14.642px, 0.915rem + ((1vw - 3.2px) * 0.681), 22px);\">Na\u0161a misija je pru\u017eiti vrhunsku kvalitetu usluga i proizvoda, prilago\u0111enu potrebama na\u0161ih klijenata. Koristimo modernu tehnologiju kako bismo osigurali preciznost i efikasnost u svakom projektu.<\/p>\n\n\n\n<p class=\"has-text-color\" style=\"color:#000000;margin-bottom:0.5rem;font-size:clamp(14.642px, 0.915rem + ((1vw - 3.2px) * 0.681), 22px);\"><strong>Bez obzira radi li se o malim ili velikim narud\u017ebama, uvijek nastojimo prema\u0161iti o\u010dekivanja.<\/strong><\/p>\n\n\n\n<p class=\"has-text-color\" style=\"color:#000000;margin-bottom:0.5rem;font-size:clamp(14.642px, 0.915rem + ((1vw - 3.2px) * 0.681), 22px);\">Kvaliteta i pouzdanost temelji su na\u0161eg poslovanja. Ponosni smo na brzu reakciju na promjene i suradnju s klijentima.<\/p>\n\n\n\n<p class=\"has-text-color\" style=\"color:#000000;margin-bottom:0.5rem;font-size:clamp(14.642px, 0.915rem + ((1vw - 3.2px) * 0.681), 22px);\"><strong>Kontaktirajte nas za vi\u0161e informacija ili ponudu. <\/strong><\/p>\n\n\n\n<p class=\"has-text-color\" style=\"color:#000000;margin-bottom:0.5rem;font-size:clamp(14.642px, 0.915rem + ((1vw - 3.2px) * 0.681), 22px);\"><strong>Radujemo se suradnji!<\/strong><\/p>\n\n\n\n<div class=\"wp-block-buttons is-layout-flex wp-block-buttons-is-layout-flex\">\n<div class=\"wp-block-button has-custom-font-size is-style-outline is-style-outline--2\" style=\"font-size:clamp(16.293px, 1.018rem + ((1vw - 3.2px) * 0.806), 25px);\"><a class=\"wp-block-button__link has-text-color has-background has-link-color wp-element-button\" href=\"https:\/\/dravacel.hr\/index.php\/video\/\" style=\"color:#ffffff;background-color:#000000;padding-top:0;padding-right:var(--wp--preset--spacing--60);padding-bottom:0;padding-left:var(--wp--preset--spacing--60)\"><strong><code>POGLEDAJ VIDEO<\/code><\/strong><\/a><\/div>\n<\/div>\n<\/div>\n<\/div>\n<\/div>\n\n\n\n<div class=\"wp-block-column is-layout-flow wp-block-column-is-layout-flow\" style=\"padding-top:0;padding-bottom:0\">\n<figure class=\"wp-block-image aligncenter size-full is-resized has-custom-border is-style-rounded wp-duotone-grayscale\"><img loading=\"lazy\" decoding=\"async\" width=\"2560\" height=\"1707\" src=\"https:\/\/dravacel.hr\/wp-content\/uploads\/2024\/10\/pexels-emocionaligencia-1474993-scaled.jpg\" alt=\"\" class=\"wp-image-29\" style=\"border-radius:30px;width:699px;height:auto\" srcset=\"https:\/\/dravacel.hr\/wp-content\/uploads\/2024\/10\/pexels-emocionaligencia-1474993-scaled.jpg 2560w, https:\/\/dravacel.hr\/wp-content\/uploads\/2024\/10\/pexels-emocionaligencia-1474993-300x200.jpg 300w, https:\/\/dravacel.hr\/wp-content\/uploads\/2024\/10\/pexels-emocionaligencia-1474993-1024x683.jpg 1024w, https:\/\/dravacel.hr\/wp-content\/uploads\/2024\/10\/pexels-emocionaligencia-1474993-768x512.jpg 768w, https:\/\/dravacel.hr\/wp-content\/uploads\/2024\/10\/pexels-emocionaligencia-1474993-1536x1024.jpg 1536w, https:\/\/dravacel.hr\/wp-content\/uploads\/2024\/10\/pexels-emocionaligencia-1474993-2048x1365.jpg 2048w\" sizes=\"auto, (max-width: 2560px) 100vw, 2560px\" \/><\/figure>\n\n\n\n<p><em>LASERSKO REZANJE I GRAVIRANJE, SAVIJANJE KONUSA, SAVIJANJE PROFILA<\/em>, <em>GLODANJE METALA I \u010cELIKA&#8230;<\/em><\/p>\n<\/div>\n<\/div>\n<\/div>\n\n\n\n<div class=\"wp-block-cover alignfull is-light has-text-color wp-elements-b323a82e4f10c27ff47fabc6a2b9fef9\" style=\"border-style:none;border-width:0px;border-radius:0px;color:#010101;margin-top:0px;margin-bottom:0px;padding-top:30px;padding-right:20px;padding-bottom:30px;padding-left:20px;min-height:692px;aspect-ratio:unset;\"><span aria-hidden=\"true\" class=\"wp-block-cover__background has-background-dim-10 has-background-dim\" style=\"background-color:#0047fa\"><\/span><div class=\"wp-block-cover__inner-container has-global-padding is-layout-constrained wp-container-core-cover-is-layout-67ad7475 wp-block-cover-is-layout-constrained\">\n<h2 class=\"wp-block-heading has-text-align-center has-text-color\" style=\"color:#000000;margin-top:0px;margin-right:0px;margin-bottom:20px;margin-left:0px;font-size:clamp(24.034px, 1.502rem + ((1vw - 3.2px) * 1.478), 40px);font-style:normal;font-weight:500;line-height:1.2\">Usluge<\/h2>\n\n\n\n<hr class=\"wp-block-separator has-text-color has-alpha-channel-opacity has-background is-style-default\" style=\"margin-top:0px;margin-bottom:38px;background-color:#0008f4;color:#0008f4\"\/>\n\n\n\n<div class=\"wp-block-columns is-layout-flex wp-container-core-columns-is-layout-13e94aa7 wp-block-columns-is-layout-flex\">\n<div class=\"wp-block-column is-layout-flow wp-container-core-column-is-layout-fe0e2ea3 wp-block-column-is-layout-flow\">\n<div class=\"wp-block-group is-vertical is-content-justification-center is-layout-flex wp-container-core-group-is-layout-b6c1f246 wp-block-group-is-layout-flex\">\n<figure class=\"wp-block-image size-full is-resized is-style-rounded wp-duotone-000000-rgb191233255-3\"><img loading=\"lazy\" decoding=\"async\" width=\"684\" height=\"682\" src=\"https:\/\/dravacel.hr\/wp-content\/uploads\/2024\/10\/savijacica-e1728899094974.jpg\" alt=\"\" class=\"wp-image-182\" style=\"width:395px\" srcset=\"https:\/\/dravacel.hr\/wp-content\/uploads\/2024\/10\/savijacica-e1728899094974.jpg 684w, https:\/\/dravacel.hr\/wp-content\/uploads\/2024\/10\/savijacica-e1728899094974-300x300.jpg 300w, https:\/\/dravacel.hr\/wp-content\/uploads\/2024\/10\/savijacica-e1728899094974-150x150.jpg 150w\" sizes=\"auto, (max-width: 684px) 100vw, 684px\" \/><\/figure>\n\n\n\n<h4 class=\"wp-block-heading has-text-align-center has-text-color\" style=\"color:#000000;margin-top:1.75rem;font-size:clamp(14.642px, 0.915rem + ((1vw - 3.2px) * 0.681), 22px);font-style:normal;font-weight:400\"><strong>Obrada deformiranjem<\/strong><\/h4>\n<\/div>\n\n\n\n<p class=\"has-text-align-center has-text-color\" style=\"color:#000000;margin-bottom:0rem;font-size:clamp(14px, 0.875rem + ((1vw - 3.2px) * 0.185), 16px);\">Kru\u017eno savijanje cijevi, konusa i segmenata sa zadanim promjerima<\/p>\n\n\n\n<p class=\"has-text-align-center has-text-color\" style=\"color:#000000;margin-bottom:0rem;font-size:clamp(14px, 0.875rem + ((1vw - 3.2px) * 0.185), 16px);\">Savijanje \u010deli\u010dnih profila i \u010detvrtastih cijevi <\/p>\n<\/div>\n\n\n\n<div class=\"wp-block-column is-vertically-aligned-center is-layout-flow wp-container-core-column-is-layout-fe0e2ea3 wp-block-column-is-layout-flow\">\n<figure class=\"wp-block-image aligncenter size-full is-resized is-style-rounded wp-duotone-000000-rgb203233255-4\"><img loading=\"lazy\" decoding=\"async\" width=\"423\" height=\"423\" src=\"https:\/\/dravacel.hr\/wp-content\/uploads\/2024\/10\/lasersko-rezanje-e1728899252957.png\" alt=\"\" class=\"wp-image-40\" style=\"width:395px\" srcset=\"https:\/\/dravacel.hr\/wp-content\/uploads\/2024\/10\/lasersko-rezanje-e1728899252957.png 423w, https:\/\/dravacel.hr\/wp-content\/uploads\/2024\/10\/lasersko-rezanje-e1728899252957-300x300.png 300w, https:\/\/dravacel.hr\/wp-content\/uploads\/2024\/10\/lasersko-rezanje-e1728899252957-150x150.png 150w\" sizes=\"auto, (max-width: 423px) 100vw, 423px\" \/><\/figure>\n\n\n\n<h4 class=\"wp-block-heading has-text-align-center has-text-color\" style=\"color:#000000;margin-top:1.75rem;font-size:clamp(14.642px, 0.915rem + ((1vw - 3.2px) * 0.681), 22px);font-style:normal;font-weight:400\"><strong>Obrada odvajanjem<\/strong><\/h4>\n\n\n\n<p class=\"has-text-align-center has-text-color\" style=\"color:#000000;margin-bottom:0rem;font-size:clamp(14px, 0.875rem + ((1vw - 3.2px) * 0.185), 16px);\">Lasersko rezanje i graviranje, narezivanje navoja i bu\u0161enje<\/p>\n\n\n\n<p class=\"has-text-align-center has-text-color\" style=\"color:#000000;margin-bottom:0rem;font-size:clamp(14px, 0.875rem + ((1vw - 3.2px) * 0.185), 16px);\">CNC Glodanje, istokarivanje i bu\u0161enje metalnih dijelova<\/p>\n<\/div>\n<\/div>\n\n\n\n<div class=\"wp-block-buttons is-content-justification-center is-layout-flex wp-container-core-buttons-is-layout-a89b3969 wp-block-buttons-is-layout-flex\">\n<div class=\"wp-block-button has-custom-font-size is-style-fill\" style=\"font-size:clamp(14.642px, 0.915rem + ((1vw - 3.2px) * 0.681), 22px);line-height:1\"><a class=\"wp-block-button__link has-text-color has-background wp-element-button\" href=\"https:\/\/dravacel.hr\/index.php\/usluge\/\" style=\"border-width:2px;color:#ffffff;background-color:#000001;padding-top:17px;padding-right:40px;padding-bottom:17px;padding-left:40px\"><strong>Sve usluge<\/strong><\/a><\/div>\n<\/div>\n<\/div><\/div>\n\n\n\n<div class=\"wp-block-cover alignfull is-light has-custom-color-2-color has-text-color\" style=\"border-style:none;border-width:0px;border-radius:0px;margin-top:0;margin-bottom:0;padding-top:120px;padding-right:20px;padding-bottom:120px;padding-left:20px;min-height:50px;aspect-ratio:unset;\"><span aria-hidden=\"true\" class=\"wp-block-cover__background has-white-background-color has-background-dim\"><\/span><img loading=\"lazy\" decoding=\"async\" width=\"2560\" height=\"1718\" class=\"wp-block-cover__image-background wp-image-80\" alt=\"\" src=\"https:\/\/dravacel.hr\/wp-content\/uploads\/2024\/10\/pexels-carlos-sedano-273404071-12876612-scaled.jpg\" style=\"object-position:50% 0%\" data-object-fit=\"cover\" data-object-position=\"50% 0%\" srcset=\"https:\/\/dravacel.hr\/wp-content\/uploads\/2024\/10\/pexels-carlos-sedano-273404071-12876612-scaled.jpg 2560w, https:\/\/dravacel.hr\/wp-content\/uploads\/2024\/10\/pexels-carlos-sedano-273404071-12876612-300x201.jpg 300w, https:\/\/dravacel.hr\/wp-content\/uploads\/2024\/10\/pexels-carlos-sedano-273404071-12876612-1024x687.jpg 1024w, https:\/\/dravacel.hr\/wp-content\/uploads\/2024\/10\/pexels-carlos-sedano-273404071-12876612-768x515.jpg 768w, https:\/\/dravacel.hr\/wp-content\/uploads\/2024\/10\/pexels-carlos-sedano-273404071-12876612-1536x1031.jpg 1536w, https:\/\/dravacel.hr\/wp-content\/uploads\/2024\/10\/pexels-carlos-sedano-273404071-12876612-2048x1374.jpg 2048w\" sizes=\"auto, (max-width: 2560px) 100vw, 2560px\" \/><div class=\"wp-block-cover__inner-container has-global-padding is-layout-constrained wp-container-core-cover-is-layout-619827bf wp-block-cover-is-layout-constrained\">\n<h2 class=\"wp-block-heading has-text-align-center has-text-color\" style=\"color:#ffffff;font-size:clamp(32.518px, 2.032rem + ((1vw - 3.2px) * 2.359), 58px);font-style:normal;font-weight:400;letter-spacing:-2px;line-height:1.2\">Zatra\u017eite ponudu<\/h2>\n\n\n\n<p class=\"has-text-align-center has-text-color\" style=\"color:#ffffff;margin-bottom:2.5rem;font-size:clamp(14px, 0.875rem + ((1vw - 3.2px) * 0.278), 17px);font-style:normal;font-weight:400;line-height:1.9\">Obratite nam se za sva pitanja i detaljnije informacije<\/p>\n\n\n\n<div class=\"wp-block-buttons is-content-justification-center is-layout-flex wp-container-core-buttons-is-layout-a89b3969 wp-block-buttons-is-layout-flex\">\n<div class=\"wp-block-button has-custom-font-size is-style-fill\" style=\"font-size:clamp(14.642px, 0.915rem + ((1vw - 3.2px) * 0.681), 22px);line-height:1\"><a class=\"wp-block-button__link has-text-color has-background wp-element-button\" href=\"https:\/\/dravacel.hr\/index.php\/kontakt\/\" style=\"border-width:2px;color:#ffffff;background-color:#000001;padding-top:17px;padding-right:40px;padding-bottom:17px;padding-left:40px\">Kontaktirajte nas<\/a><\/div>\n<\/div>\n<\/div><\/div>\n\n\n\n<p><\/p>\n","protected":false},"excerpt":{"rendered":"<p>o nama Dobrodo\u0161li na stranicu na\u0161e tvrtke, specijalizirane za strojnu obradu metala. Na\u0161a misija je pru\u017eiti vrhunsku kvalitetu usluga i proizvoda, prilago\u0111enu potrebama na\u0161ih klijenata. Koristimo modernu tehnologiju kako bismo osigurali preciznost i efikasnost u svakom projektu. Bez obzira radi li se o malim ili velikim narud\u017ebama, uvijek nastojimo prema\u0161iti o\u010dekivanja. Kvaliteta i pouzdanost temelji [&hellip;]<\/p>\n","protected":false},"author":1,"featured_media":0,"parent":0,"menu_order":0,"comment_status":"closed","ping_status":"closed","template":"","meta":{"footnotes":""},"class_list":["post-10","page","type-page","status-publish","hentry"],"_links":{"self":[{"href":"https:\/\/dravacel.hr\/index.php\/wp-json\/wp\/v2\/pages\/10","targetHints":{"allow":["GET"]}}],"collection":[{"href":"https:\/\/dravacel.hr\/index.php\/wp-json\/wp\/v2\/pages"}],"about":[{"href":"https:\/\/dravacel.hr\/index.php\/wp-json\/wp\/v2\/types\/page"}],"author":[{"embeddable":true,"href":"https:\/\/dravacel.hr\/index.php\/wp-json\/wp\/v2\/users\/1"}],"replies":[{"embeddable":true,"href":"https:\/\/dravacel.hr\/index.php\/wp-json\/wp\/v2\/comments?post=10"}],"version-history":[{"count":127,"href":"https:\/\/dravacel.hr\/index.php\/wp-json\/wp\/v2\/pages\/10\/revisions"}],"predecessor-version":[{"id":395,"href":"https:\/\/dravacel.hr\/index.php\/wp-json\/wp\/v2\/pages\/10\/revisions\/395"}],"wp:attachment":[{"href":"https:\/\/dravacel.hr\/index.php\/wp-json\/wp\/v2\/media?parent=10"}],"curies":[{"name":"wp","href":"https:\/\/api.w.org\/{rel}","templated":true}]}}